{"id":8325,"date":"2019-11-04T13:32:35","date_gmt":"2019-11-04T12:32:35","guid":{"rendered":"https:\/\/ekokubki.pl\/sklep\/?post_type=product&#038;p=8325"},"modified":"2025-06-11T13:56:32","modified_gmt":"2025-06-11T11:56:32","slug":"ekotalerz-z-liscia-palmowego-kwadratowy-20cm-x-20cm-biodegradowalny-25-sztuk","status":"publish","type":"product","link":"https:\/\/ekokubki.pl\/sklep\/produkty\/ekotalerz-z-liscia-palmowego-kwadratowy-20cm-x-20cm-biodegradowalny-25-sztuk\/","title":{"rendered":"Ekotalerz z li\u015bcia palmowego, kwadratowy, 20cm x 20cm, Biodegradowalny &#8211; 25 sztuk"},"content":{"rendered":"","protected":false},"excerpt":{"rendered":"<p style=\"text-align: justify\"><strong><em>1,08 z\u0142 netto\/sztuka<\/em><\/strong><\/p>\n<p>Biodegradowalne ekotalerze z li\u015bci palmowych. Nadaj\u0105 si\u0119 do da\u0144 gor\u0105cych i zimnych.<\/p>\n<p>Talerze zapakowane s\u0105 w opakowanie po 25 sztuk. W kartonie zbiorczym mieszcz\u0105 si\u0119 4 opakowania po 25 sztuk = 100 szt.<\/p>\n<p style=\"text-align: justify\">Talerze wykonane z oczyszczonych i sprasowanych li\u015bci palmowych odznaczaj\u0105 si\u0119 unikalnymi wzorami, jednocze\u015bnie s\u0105 wytrzyma\u0142e i wygl\u0105daj\u0105 bardzo elegancko. Talerze w 100% pochodzenia naturalnego, biodegradowalne i kompostowalne. Nadaj\u0105 si\u0119 do przechowywania w zamra\u017calniku oraz do u\u017cywania w kuchence mikrofalowej.<\/p>\n<ul>\n<li>Warunki przechowywania: w suchym pomieszczeniu, chroni\u0107 przed wilgoci\u0105<\/li>\n<li>Wymiary: 20cm x 20 cm x 1,5 cm<\/li>\n<li>Waga: 30.4 g<\/li>\n<li>Mo\u017cna u\u017cywa\u0107 w mikrofali<\/li>\n<\/ul>\n<p style=\"text-align: justify\">\n","protected":false},"featured_media":8326,"template":"","meta":[],"product_cat":[70,110],"product_tag":[],"yoast_head":"<!-- This site is optimized with the Yoast SEO plugin v23.0 - https:\/\/yoast.com\/wordpress\/plugins\/seo\/ -->\n<title>Ekotalerz z li\u015bcia palmowego, kwadratowy, 20cm x 20cm, Biodegradowalny - 25 sztuk &#8212; Sklep Ekokubki.pl<\/title>\n<meta name=\"robots\" content=\"index, follow, max-snippet:-1, max-image-preview:large, max-video-preview:-1\" \/>\n<link rel=\"canonical\" href=\"https:\/\/ekokubki.pl\/sklep\/produkty\/ekotalerz-z-liscia-palmowego-kwadratowy-20cm-x-20cm-biodegradowalny-25-sztuk\/\" \/>\n<meta property=\"og:locale\" content=\"pl_PL\" \/>\n<meta property=\"og:type\" content=\"article\" \/>\n<meta property=\"og:title\" content=\"Ekotalerz z li\u015bcia palmowego, kwadratowy, 20cm x 20cm, Biodegradowalny - 25 sztuk &#8212; Sklep Ekokubki.pl\" \/>\n<meta property=\"og:description\" content=\"1,08 z\u0142 netto\/sztuka Biodegradowalne ekotalerze z li\u015bci palmowych. Nadaj\u0105 si\u0119 do da\u0144 gor\u0105cych i zimnych.  Talerze zapakowane s\u0105 w opakowanie po 25 sztuk. W kartonie zbiorczym mieszcz\u0105 si\u0119 4 opakowania po 25 sztuk = 100 szt. Talerze wykonane z oczyszczonych i sprasowanych li\u015bci palmowych odznaczaj\u0105 si\u0119 unikalnymi wzorami, jednocze\u015bnie s\u0105 wytrzyma\u0142e i wygl\u0105daj\u0105 bardzo elegancko. Talerze w 100% pochodzenia naturalnego, biodegradowalne i kompostowalne. Nadaj\u0105 si\u0119 do przechowywania w zamra\u017calniku oraz do u\u017cywania w kuchence mikrofalowej.    Warunki przechowywania: w suchym pomieszczeniu, chroni\u0107 przed wilgoci\u0105  Wymiary: 20cm x 20 cm x 1,5 cm  Waga: 30.4 g  Mo\u017cna u\u017cywa\u0107 w mikrofali\" \/>\n<meta property=\"og:url\" content=\"https:\/\/ekokubki.pl\/sklep\/produkty\/ekotalerz-z-liscia-palmowego-kwadratowy-20cm-x-20cm-biodegradowalny-25-sztuk\/\" \/>\n<meta property=\"og:site_name\" content=\"Sklep Ekokubki.pl\" \/>\n<meta property=\"article:publisher\" content=\"https:\/\/www.facebook.com\/bagdrip\/\" \/>\n<meta property=\"article:modified_time\" content=\"2025-06-11T11:56:32+00:00\" \/>\n<meta property=\"og:image\" content=\"https:\/\/ekokubki.pl\/sklep\/wp-content\/uploads\/2020\/11\/87187_b.jpg\" \/>\n\t<meta property=\"og:image:width\" content=\"500\" \/>\n\t<meta property=\"og:image:height\" content=\"500\" \/>\n\t<meta property=\"og:image:type\" content=\"image\/jpeg\" \/>\n<meta name=\"twitter:card\" content=\"summary_large_image\" \/>\n<script type=\"application\/ld+json\" class=\"yoast-schema-graph\">{\"@context\":\"https:\/\/schema.org\",\"@graph\":[{\"@type\":\"WebPage\",\"@id\":\"https:\/\/ekokubki.pl\/sklep\/produkty\/ekotalerz-z-liscia-palmowego-kwadratowy-20cm-x-20cm-biodegradowalny-25-sztuk\/\",\"url\":\"https:\/\/ekokubki.pl\/sklep\/produkty\/ekotalerz-z-liscia-palmowego-kwadratowy-20cm-x-20cm-biodegradowalny-25-sztuk\/\",\"name\":\"Ekotalerz z li\u015bcia palmowego, kwadratowy, 20cm x 20cm, Biodegradowalny - 25 sztuk &#8212; Sklep Ekokubki.pl\",\"isPartOf\":{\"@id\":\"https:\/\/ekokubki.pl\/sklep\/#website\"},\"primaryImageOfPage\":{\"@id\":\"https:\/\/ekokubki.pl\/sklep\/produkty\/ekotalerz-z-liscia-palmowego-kwadratowy-20cm-x-20cm-biodegradowalny-25-sztuk\/#primaryimage\"},\"image\":{\"@id\":\"https:\/\/ekokubki.pl\/sklep\/produkty\/ekotalerz-z-liscia-palmowego-kwadratowy-20cm-x-20cm-biodegradowalny-25-sztuk\/#primaryimage\"},\"thumbnailUrl\":\"https:\/\/ekokubki.pl\/sklep\/wp-content\/uploads\/2020\/11\/87187_b.jpg\",\"datePublished\":\"2019-11-04T12:32:35+00:00\",\"dateModified\":\"2025-06-11T11:56:32+00:00\",\"breadcrumb\":{\"@id\":\"https:\/\/ekokubki.pl\/sklep\/produkty\/ekotalerz-z-liscia-palmowego-kwadratowy-20cm-x-20cm-biodegradowalny-25-sztuk\/#breadcrumb\"},\"inLanguage\":\"pl-PL\",\"potentialAction\":[{\"@type\":\"ReadAction\",\"target\":[\"https:\/\/ekokubki.pl\/sklep\/produkty\/ekotalerz-z-liscia-palmowego-kwadratowy-20cm-x-20cm-biodegradowalny-25-sztuk\/\"]}]},{\"@type\":\"ImageObject\",\"inLanguage\":\"pl-PL\",\"@id\":\"https:\/\/ekokubki.pl\/sklep\/produkty\/ekotalerz-z-liscia-palmowego-kwadratowy-20cm-x-20cm-biodegradowalny-25-sztuk\/#primaryimage\",\"url\":\"https:\/\/ekokubki.pl\/sklep\/wp-content\/uploads\/2020\/11\/87187_b.jpg\",\"contentUrl\":\"https:\/\/ekokubki.pl\/sklep\/wp-content\/uploads\/2020\/11\/87187_b.jpg\",\"width\":500,\"height\":500},{\"@type\":\"BreadcrumbList\",\"@id\":\"https:\/\/ekokubki.pl\/sklep\/produkty\/ekotalerz-z-liscia-palmowego-kwadratowy-20cm-x-20cm-biodegradowalny-25-sztuk\/#breadcrumb\",\"itemListElement\":[{\"@type\":\"ListItem\",\"position\":1,\"name\":\"Strona g\u0142\u00f3wna\",\"item\":\"https:\/\/ekokubki.pl\/sklep\/\"},{\"@type\":\"ListItem\",\"position\":2,\"name\":\"Produkty\",\"item\":\"https:\/\/ekokubki.pl\/sklep\/\"},{\"@type\":\"ListItem\",\"position\":3,\"name\":\"Ekotalerz z li\u015bcia palmowego, kwadratowy, 20cm x 20cm, Biodegradowalny &#8211; 25 sztuk\"}]},{\"@type\":\"WebSite\",\"@id\":\"https:\/\/ekokubki.pl\/sklep\/#website\",\"url\":\"https:\/\/ekokubki.pl\/sklep\/\",\"name\":\"Bagdrip\",\"description\":\"Naturalnie, bez plastiku\",\"publisher\":{\"@id\":\"https:\/\/ekokubki.pl\/sklep\/#organization\"},\"potentialAction\":[{\"@type\":\"SearchAction\",\"target\":{\"@type\":\"EntryPoint\",\"urlTemplate\":\"https:\/\/ekokubki.pl\/sklep\/?s={search_term_string}\"},\"query-input\":\"required name=search_term_string\"}],\"inLanguage\":\"pl-PL\"},{\"@type\":\"Organization\",\"@id\":\"https:\/\/ekokubki.pl\/sklep\/#organization\",\"name\":\"Bagdrip\",\"url\":\"https:\/\/ekokubki.pl\/sklep\/\",\"logo\":{\"@type\":\"ImageObject\",\"inLanguage\":\"pl-PL\",\"@id\":\"https:\/\/ekokubki.pl\/sklep\/#\/schema\/logo\/image\/\",\"url\":\"\",\"contentUrl\":\"\",\"caption\":\"Bagdrip\"},\"image\":{\"@id\":\"https:\/\/ekokubki.pl\/sklep\/#\/schema\/logo\/image\/\"},\"sameAs\":[\"https:\/\/www.facebook.com\/bagdrip\/\",\"https:\/\/www.instagram.com\/bagdrip\/\"]}]}<\/script>\n<!-- \/ Yoast SEO plugin. -->","yoast_head_json":{"title":"Ekotalerz z li\u015bcia palmowego, kwadratowy, 20cm x 20cm, Biodegradowalny - 25 sztuk &#8212; Sklep Ekokubki.pl","robots":{"index":"index","follow":"follow","max-snippet":"max-snippet:-1","max-image-preview":"max-image-preview:large","max-video-preview":"max-video-preview:-1"},"canonical":"https:\/\/ekokubki.pl\/sklep\/produkty\/ekotalerz-z-liscia-palmowego-kwadratowy-20cm-x-20cm-biodegradowalny-25-sztuk\/","og_locale":"pl_PL","og_type":"article","og_title":"Ekotalerz z li\u015bcia palmowego, kwadratowy, 20cm x 20cm, Biodegradowalny - 25 sztuk &#8212; Sklep Ekokubki.pl","og_description":"1,08 z\u0142 netto\/sztuka Biodegradowalne ekotalerze z li\u015bci palmowych. Nadaj\u0105 si\u0119 do da\u0144 gor\u0105cych i zimnych.  Talerze zapakowane s\u0105 w opakowanie po 25 sztuk. W kartonie zbiorczym mieszcz\u0105 si\u0119 4 opakowania po 25 sztuk = 100 szt. Talerze wykonane z oczyszczonych i sprasowanych li\u015bci palmowych odznaczaj\u0105 si\u0119 unikalnymi wzorami, jednocze\u015bnie s\u0105 wytrzyma\u0142e i wygl\u0105daj\u0105 bardzo elegancko. Talerze w 100% pochodzenia naturalnego, biodegradowalne i kompostowalne. Nadaj\u0105 si\u0119 do przechowywania w zamra\u017calniku oraz do u\u017cywania w kuchence mikrofalowej.    Warunki przechowywania: w suchym pomieszczeniu, chroni\u0107 przed wilgoci\u0105  Wymiary: 20cm x 20 cm x 1,5 cm  Waga: 30.4 g  Mo\u017cna u\u017cywa\u0107 w mikrofali","og_url":"https:\/\/ekokubki.pl\/sklep\/produkty\/ekotalerz-z-liscia-palmowego-kwadratowy-20cm-x-20cm-biodegradowalny-25-sztuk\/","og_site_name":"Sklep Ekokubki.pl","article_publisher":"https:\/\/www.facebook.com\/bagdrip\/","article_modified_time":"2025-06-11T11:56:32+00:00","og_image":[{"width":500,"height":500,"url":"https:\/\/ekokubki.pl\/sklep\/wp-content\/uploads\/2020\/11\/87187_b.jpg","type":"image\/jpeg"}],"twitter_card":"summary_large_image","schema":{"@context":"https:\/\/schema.org","@graph":[{"@type":"WebPage","@id":"https:\/\/ekokubki.pl\/sklep\/produkty\/ekotalerz-z-liscia-palmowego-kwadratowy-20cm-x-20cm-biodegradowalny-25-sztuk\/","url":"https:\/\/ekokubki.pl\/sklep\/produkty\/ekotalerz-z-liscia-palmowego-kwadratowy-20cm-x-20cm-biodegradowalny-25-sztuk\/","name":"Ekotalerz z li\u015bcia palmowego, kwadratowy, 20cm x 20cm, Biodegradowalny - 25 sztuk &#8212; Sklep Ekokubki.pl","isPartOf":{"@id":"https:\/\/ekokubki.pl\/sklep\/#website"},"primaryImageOfPage":{"@id":"https:\/\/ekokubki.pl\/sklep\/produkty\/ekotalerz-z-liscia-palmowego-kwadratowy-20cm-x-20cm-biodegradowalny-25-sztuk\/#primaryimage"},"image":{"@id":"https:\/\/ekokubki.pl\/sklep\/produkty\/ekotalerz-z-liscia-palmowego-kwadratowy-20cm-x-20cm-biodegradowalny-25-sztuk\/#primaryimage"},"thumbnailUrl":"https:\/\/ekokubki.pl\/sklep\/wp-content\/uploads\/2020\/11\/87187_b.jpg","datePublished":"2019-11-04T12:32:35+00:00","dateModified":"2025-06-11T11:56:32+00:00","breadcrumb":{"@id":"https:\/\/ekokubki.pl\/sklep\/produkty\/ekotalerz-z-liscia-palmowego-kwadratowy-20cm-x-20cm-biodegradowalny-25-sztuk\/#breadcrumb"},"inLanguage":"pl-PL","potentialAction":[{"@type":"ReadAction","target":["https:\/\/ekokubki.pl\/sklep\/produkty\/ekotalerz-z-liscia-palmowego-kwadratowy-20cm-x-20cm-biodegradowalny-25-sztuk\/"]}]},{"@type":"ImageObject","inLanguage":"pl-PL","@id":"https:\/\/ekokubki.pl\/sklep\/produkty\/ekotalerz-z-liscia-palmowego-kwadratowy-20cm-x-20cm-biodegradowalny-25-sztuk\/#primaryimage","url":"https:\/\/ekokubki.pl\/sklep\/wp-content\/uploads\/2020\/11\/87187_b.jpg","contentUrl":"https:\/\/ekokubki.pl\/sklep\/wp-content\/uploads\/2020\/11\/87187_b.jpg","width":500,"height":500},{"@type":"BreadcrumbList","@id":"https:\/\/ekokubki.pl\/sklep\/produkty\/ekotalerz-z-liscia-palmowego-kwadratowy-20cm-x-20cm-biodegradowalny-25-sztuk\/#breadcrumb","itemListElement":[{"@type":"ListItem","position":1,"name":"Strona g\u0142\u00f3wna","item":"https:\/\/ekokubki.pl\/sklep\/"},{"@type":"ListItem","position":2,"name":"Produkty","item":"https:\/\/ekokubki.pl\/sklep\/"},{"@type":"ListItem","position":3,"name":"Ekotalerz z li\u015bcia palmowego, kwadratowy, 20cm x 20cm, Biodegradowalny &#8211; 25 sztuk"}]},{"@type":"WebSite","@id":"https:\/\/ekokubki.pl\/sklep\/#website","url":"https:\/\/ekokubki.pl\/sklep\/","name":"Bagdrip","description":"Naturalnie, bez plastiku","publisher":{"@id":"https:\/\/ekokubki.pl\/sklep\/#organization"},"potentialAction":[{"@type":"SearchAction","target":{"@type":"EntryPoint","urlTemplate":"https:\/\/ekokubki.pl\/sklep\/?s={search_term_string}"},"query-input":"required name=search_term_string"}],"inLanguage":"pl-PL"},{"@type":"Organization","@id":"https:\/\/ekokubki.pl\/sklep\/#organization","name":"Bagdrip","url":"https:\/\/ekokubki.pl\/sklep\/","logo":{"@type":"ImageObject","inLanguage":"pl-PL","@id":"https:\/\/ekokubki.pl\/sklep\/#\/schema\/logo\/image\/","url":"","contentUrl":"","caption":"Bagdrip"},"image":{"@id":"https:\/\/ekokubki.pl\/sklep\/#\/schema\/logo\/image\/"},"sameAs":["https:\/\/www.facebook.com\/bagdrip\/","https:\/\/www.instagram.com\/bagdrip\/"]}]}},"jetpack_sharing_enabled":true,"_links":{"self":[{"href":"https:\/\/ekokubki.pl\/sklep\/wp-json\/wp\/v2\/product\/8325"}],"collection":[{"href":"https:\/\/ekokubki.pl\/sklep\/wp-json\/wp\/v2\/product"}],"about":[{"href":"https:\/\/ekokubki.pl\/sklep\/wp-json\/wp\/v2\/types\/product"}],"wp:featuredmedia":[{"embeddable":true,"href":"https:\/\/ekokubki.pl\/sklep\/wp-json\/wp\/v2\/media\/8326"}],"wp:attachment":[{"href":"https:\/\/ekokubki.pl\/sklep\/wp-json\/wp\/v2\/media?parent=8325"}],"wp:term":[{"taxonomy":"product_cat","embeddable":true,"href":"https:\/\/ekokubki.pl\/sklep\/wp-json\/wp\/v2\/product_cat?post=8325"},{"taxonomy":"product_tag","embeddable":true,"href":"https:\/\/ekokubki.pl\/sklep\/wp-json\/wp\/v2\/product_tag?post=8325"}],"curies":[{"name":"wp","href":"https:\/\/api.w.org\/{rel}","templated":true}]}}