{"id":8226,"date":"2019-11-11T17:47:49","date_gmt":"2019-11-11T16:47:49","guid":{"rendered":"https:\/\/ekokubki.pl\/sklep\/?post_type=product&#038;p=8226"},"modified":"2025-03-04T11:40:27","modified_gmt":"2025-03-04T10:40:27","slug":"kubki-na-zupe-z-papieru-230-ml-srednica-98-cm-25-sztuk","status":"publish","type":"product","link":"https:\/\/ekokubki.pl\/sklep\/produkty\/kubki-na-zupe-z-papieru-230-ml-srednica-98-cm-25-sztuk\/","title":{"rendered":"Ekokubki na zup\u0119 z papieru, 230 ml, \u015brednica 9,8 cm Biodegradowalne &#8211; 25 sztuk"},"content":{"rendered":"","protected":false},"excerpt":{"rendered":"<p style=\"text-align: justify;\"><strong><em>0,41 z\u0142 netto\/sztuka<\/em><\/strong><\/p>\n<p>Biodegradowalne ekokubki na zup\u0119, dania z makaronem, kasz\u0119, lody, sa\u0142atki, desery, jogurty. Nadaje si\u0119 do da\u0144 gor\u0105cych i zimnych.<\/p>\n<p>Ekokubki zapakowane s\u0105 w r\u0119kaw po 25 sztuk.<\/p>\n<p style=\"text-align: justify;\">Ekokubki na zup\u0119 wykonane s\u0105 z papieru z recyklingu. Barierowo\u015b\u0107 na wod\u0119 i t\u0142uszcz zapewnia pow\u0142oka z biopolimeru (PLA), kt\u00f3ry podobnie jak g\u0142\u00f3wny sk\u0142adnik strukturalny jest pochodzenia naturalnego i ulega biodegradacji (jest kompostowalny). Dodatkowo posiada certyfikat FSC.<\/p>\n<ul>\n<li>Warunki przechowywania: w suchym pomieszczeniu, chroni\u0107 przed wilgoci\u0105<\/li>\n<li>Pojemno\u015b\u0107: 230 ml<\/li>\n<li>Waga: 9,8 g<\/li>\n<li>Wysoko\u015b\u0107: 6 cm<\/li>\n<li>\u015arednica: 9,8 cm<\/li>\n<li>Mo\u017cna u\u017cywa\u0107 w mikrofali<\/li>\n<\/ul>\n","protected":false},"featured_media":8246,"template":"","meta":[],"product_cat":[66,110],"product_tag":[],"yoast_head":"<!-- This site is optimized with the Yoast SEO plugin v23.0 - https:\/\/yoast.com\/wordpress\/plugins\/seo\/ -->\n<title>Ekokubki na zup\u0119 z papieru, 230 ml, \u015brednica 9,8 cm Biodegradowalne - 25 sztuk &#8212; Sklep Ekokubki.pl<\/title>\n<meta name=\"robots\" content=\"index, follow, max-snippet:-1, max-image-preview:large, max-video-preview:-1\" \/>\n<link rel=\"canonical\" href=\"https:\/\/ekokubki.pl\/sklep\/produkty\/kubki-na-zupe-z-papieru-230-ml-srednica-98-cm-25-sztuk\/\" \/>\n<meta property=\"og:locale\" content=\"pl_PL\" \/>\n<meta property=\"og:type\" content=\"article\" \/>\n<meta property=\"og:title\" content=\"Ekokubki na zup\u0119 z papieru, 230 ml, \u015brednica 9,8 cm Biodegradowalne - 25 sztuk &#8212; Sklep Ekokubki.pl\" \/>\n<meta property=\"og:description\" content=\"0,41 z\u0142 netto\/sztuka Biodegradowalne ekokubki na zup\u0119, dania z makaronem, kasz\u0119, lody, sa\u0142atki, desery, jogurty. Nadaje si\u0119 do da\u0144 gor\u0105cych i zimnych.  Ekokubki zapakowane s\u0105 w r\u0119kaw po 25 sztuk. Ekokubki na zup\u0119 wykonane s\u0105 z papieru z recyklingu. Barierowo\u015b\u0107 na wod\u0119 i t\u0142uszcz zapewnia pow\u0142oka z biopolimeru (PLA), kt\u00f3ry podobnie jak g\u0142\u00f3wny sk\u0142adnik strukturalny jest pochodzenia naturalnego i ulega biodegradacji (jest kompostowalny). Dodatkowo posiada certyfikat FSC.    Warunki przechowywania: w suchym pomieszczeniu, chroni\u0107 przed wilgoci\u0105  Pojemno\u015b\u0107: 230 ml  Waga: 9,8 g  Wysoko\u015b\u0107: 6 cm  \u015arednica: 9,8 cm  Mo\u017cna u\u017cywa\u0107 w mikrofali\" \/>\n<meta property=\"og:url\" content=\"https:\/\/ekokubki.pl\/sklep\/produkty\/kubki-na-zupe-z-papieru-230-ml-srednica-98-cm-25-sztuk\/\" \/>\n<meta property=\"og:site_name\" content=\"Sklep Ekokubki.pl\" \/>\n<meta property=\"article:publisher\" content=\"https:\/\/www.facebook.com\/bagdrip\/\" \/>\n<meta property=\"article:modified_time\" content=\"2025-03-04T10:40:27+00:00\" \/>\n<meta property=\"og:image\" content=\"https:\/\/ekokubki.pl\/sklep\/wp-content\/uploads\/2020\/11\/230ml.jpg\" \/>\n\t<meta property=\"og:image:width\" content=\"500\" \/>\n\t<meta property=\"og:image:height\" content=\"500\" \/>\n\t<meta property=\"og:image:type\" content=\"image\/jpeg\" \/>\n<meta name=\"twitter:card\" content=\"summary_large_image\" \/>\n<script type=\"application\/ld+json\" class=\"yoast-schema-graph\">{\"@context\":\"https:\/\/schema.org\",\"@graph\":[{\"@type\":\"WebPage\",\"@id\":\"https:\/\/ekokubki.pl\/sklep\/produkty\/kubki-na-zupe-z-papieru-230-ml-srednica-98-cm-25-sztuk\/\",\"url\":\"https:\/\/ekokubki.pl\/sklep\/produkty\/kubki-na-zupe-z-papieru-230-ml-srednica-98-cm-25-sztuk\/\",\"name\":\"Ekokubki na zup\u0119 z papieru, 230 ml, \u015brednica 9,8 cm Biodegradowalne - 25 sztuk &#8212; Sklep Ekokubki.pl\",\"isPartOf\":{\"@id\":\"https:\/\/ekokubki.pl\/sklep\/#website\"},\"primaryImageOfPage\":{\"@id\":\"https:\/\/ekokubki.pl\/sklep\/produkty\/kubki-na-zupe-z-papieru-230-ml-srednica-98-cm-25-sztuk\/#primaryimage\"},\"image\":{\"@id\":\"https:\/\/ekokubki.pl\/sklep\/produkty\/kubki-na-zupe-z-papieru-230-ml-srednica-98-cm-25-sztuk\/#primaryimage\"},\"thumbnailUrl\":\"https:\/\/ekokubki.pl\/sklep\/wp-content\/uploads\/2020\/11\/230ml.jpg\",\"datePublished\":\"2019-11-11T16:47:49+00:00\",\"dateModified\":\"2025-03-04T10:40:27+00:00\",\"breadcrumb\":{\"@id\":\"https:\/\/ekokubki.pl\/sklep\/produkty\/kubki-na-zupe-z-papieru-230-ml-srednica-98-cm-25-sztuk\/#breadcrumb\"},\"inLanguage\":\"pl-PL\",\"potentialAction\":[{\"@type\":\"ReadAction\",\"target\":[\"https:\/\/ekokubki.pl\/sklep\/produkty\/kubki-na-zupe-z-papieru-230-ml-srednica-98-cm-25-sztuk\/\"]}]},{\"@type\":\"ImageObject\",\"inLanguage\":\"pl-PL\",\"@id\":\"https:\/\/ekokubki.pl\/sklep\/produkty\/kubki-na-zupe-z-papieru-230-ml-srednica-98-cm-25-sztuk\/#primaryimage\",\"url\":\"https:\/\/ekokubki.pl\/sklep\/wp-content\/uploads\/2020\/11\/230ml.jpg\",\"contentUrl\":\"https:\/\/ekokubki.pl\/sklep\/wp-content\/uploads\/2020\/11\/230ml.jpg\",\"width\":500,\"height\":500},{\"@type\":\"BreadcrumbList\",\"@id\":\"https:\/\/ekokubki.pl\/sklep\/produkty\/kubki-na-zupe-z-papieru-230-ml-srednica-98-cm-25-sztuk\/#breadcrumb\",\"itemListElement\":[{\"@type\":\"ListItem\",\"position\":1,\"name\":\"Strona g\u0142\u00f3wna\",\"item\":\"https:\/\/ekokubki.pl\/sklep\/\"},{\"@type\":\"ListItem\",\"position\":2,\"name\":\"Produkty\",\"item\":\"https:\/\/ekokubki.pl\/sklep\/\"},{\"@type\":\"ListItem\",\"position\":3,\"name\":\"Ekokubki na zup\u0119 z papieru, 230 ml, \u015brednica 9,8 cm Biodegradowalne &#8211; 25 sztuk\"}]},{\"@type\":\"WebSite\",\"@id\":\"https:\/\/ekokubki.pl\/sklep\/#website\",\"url\":\"https:\/\/ekokubki.pl\/sklep\/\",\"name\":\"Bagdrip\",\"description\":\"Naturalnie, bez plastiku\",\"publisher\":{\"@id\":\"https:\/\/ekokubki.pl\/sklep\/#organization\"},\"potentialAction\":[{\"@type\":\"SearchAction\",\"target\":{\"@type\":\"EntryPoint\",\"urlTemplate\":\"https:\/\/ekokubki.pl\/sklep\/?s={search_term_string}\"},\"query-input\":\"required name=search_term_string\"}],\"inLanguage\":\"pl-PL\"},{\"@type\":\"Organization\",\"@id\":\"https:\/\/ekokubki.pl\/sklep\/#organization\",\"name\":\"Bagdrip\",\"url\":\"https:\/\/ekokubki.pl\/sklep\/\",\"logo\":{\"@type\":\"ImageObject\",\"inLanguage\":\"pl-PL\",\"@id\":\"https:\/\/ekokubki.pl\/sklep\/#\/schema\/logo\/image\/\",\"url\":\"\",\"contentUrl\":\"\",\"caption\":\"Bagdrip\"},\"image\":{\"@id\":\"https:\/\/ekokubki.pl\/sklep\/#\/schema\/logo\/image\/\"},\"sameAs\":[\"https:\/\/www.facebook.com\/bagdrip\/\",\"https:\/\/www.instagram.com\/bagdrip\/\"]}]}<\/script>\n<!-- \/ Yoast SEO plugin. -->","yoast_head_json":{"title":"Ekokubki na zup\u0119 z papieru, 230 ml, \u015brednica 9,8 cm Biodegradowalne - 25 sztuk &#8212; Sklep Ekokubki.pl","robots":{"index":"index","follow":"follow","max-snippet":"max-snippet:-1","max-image-preview":"max-image-preview:large","max-video-preview":"max-video-preview:-1"},"canonical":"https:\/\/ekokubki.pl\/sklep\/produkty\/kubki-na-zupe-z-papieru-230-ml-srednica-98-cm-25-sztuk\/","og_locale":"pl_PL","og_type":"article","og_title":"Ekokubki na zup\u0119 z papieru, 230 ml, \u015brednica 9,8 cm Biodegradowalne - 25 sztuk &#8212; Sklep Ekokubki.pl","og_description":"0,41 z\u0142 netto\/sztuka Biodegradowalne ekokubki na zup\u0119, dania z makaronem, kasz\u0119, lody, sa\u0142atki, desery, jogurty. Nadaje si\u0119 do da\u0144 gor\u0105cych i zimnych.  Ekokubki zapakowane s\u0105 w r\u0119kaw po 25 sztuk. Ekokubki na zup\u0119 wykonane s\u0105 z papieru z recyklingu. Barierowo\u015b\u0107 na wod\u0119 i t\u0142uszcz zapewnia pow\u0142oka z biopolimeru (PLA), kt\u00f3ry podobnie jak g\u0142\u00f3wny sk\u0142adnik strukturalny jest pochodzenia naturalnego i ulega biodegradacji (jest kompostowalny). Dodatkowo posiada certyfikat FSC.    Warunki przechowywania: w suchym pomieszczeniu, chroni\u0107 przed wilgoci\u0105  Pojemno\u015b\u0107: 230 ml  Waga: 9,8 g  Wysoko\u015b\u0107: 6 cm  \u015arednica: 9,8 cm  Mo\u017cna u\u017cywa\u0107 w mikrofali","og_url":"https:\/\/ekokubki.pl\/sklep\/produkty\/kubki-na-zupe-z-papieru-230-ml-srednica-98-cm-25-sztuk\/","og_site_name":"Sklep Ekokubki.pl","article_publisher":"https:\/\/www.facebook.com\/bagdrip\/","article_modified_time":"2025-03-04T10:40:27+00:00","og_image":[{"width":500,"height":500,"url":"https:\/\/ekokubki.pl\/sklep\/wp-content\/uploads\/2020\/11\/230ml.jpg","type":"image\/jpeg"}],"twitter_card":"summary_large_image","schema":{"@context":"https:\/\/schema.org","@graph":[{"@type":"WebPage","@id":"https:\/\/ekokubki.pl\/sklep\/produkty\/kubki-na-zupe-z-papieru-230-ml-srednica-98-cm-25-sztuk\/","url":"https:\/\/ekokubki.pl\/sklep\/produkty\/kubki-na-zupe-z-papieru-230-ml-srednica-98-cm-25-sztuk\/","name":"Ekokubki na zup\u0119 z papieru, 230 ml, \u015brednica 9,8 cm Biodegradowalne - 25 sztuk &#8212; Sklep Ekokubki.pl","isPartOf":{"@id":"https:\/\/ekokubki.pl\/sklep\/#website"},"primaryImageOfPage":{"@id":"https:\/\/ekokubki.pl\/sklep\/produkty\/kubki-na-zupe-z-papieru-230-ml-srednica-98-cm-25-sztuk\/#primaryimage"},"image":{"@id":"https:\/\/ekokubki.pl\/sklep\/produkty\/kubki-na-zupe-z-papieru-230-ml-srednica-98-cm-25-sztuk\/#primaryimage"},"thumbnailUrl":"https:\/\/ekokubki.pl\/sklep\/wp-content\/uploads\/2020\/11\/230ml.jpg","datePublished":"2019-11-11T16:47:49+00:00","dateModified":"2025-03-04T10:40:27+00:00","breadcrumb":{"@id":"https:\/\/ekokubki.pl\/sklep\/produkty\/kubki-na-zupe-z-papieru-230-ml-srednica-98-cm-25-sztuk\/#breadcrumb"},"inLanguage":"pl-PL","potentialAction":[{"@type":"ReadAction","target":["https:\/\/ekokubki.pl\/sklep\/produkty\/kubki-na-zupe-z-papieru-230-ml-srednica-98-cm-25-sztuk\/"]}]},{"@type":"ImageObject","inLanguage":"pl-PL","@id":"https:\/\/ekokubki.pl\/sklep\/produkty\/kubki-na-zupe-z-papieru-230-ml-srednica-98-cm-25-sztuk\/#primaryimage","url":"https:\/\/ekokubki.pl\/sklep\/wp-content\/uploads\/2020\/11\/230ml.jpg","contentUrl":"https:\/\/ekokubki.pl\/sklep\/wp-content\/uploads\/2020\/11\/230ml.jpg","width":500,"height":500},{"@type":"BreadcrumbList","@id":"https:\/\/ekokubki.pl\/sklep\/produkty\/kubki-na-zupe-z-papieru-230-ml-srednica-98-cm-25-sztuk\/#breadcrumb","itemListElement":[{"@type":"ListItem","position":1,"name":"Strona g\u0142\u00f3wna","item":"https:\/\/ekokubki.pl\/sklep\/"},{"@type":"ListItem","position":2,"name":"Produkty","item":"https:\/\/ekokubki.pl\/sklep\/"},{"@type":"ListItem","position":3,"name":"Ekokubki na zup\u0119 z papieru, 230 ml, \u015brednica 9,8 cm Biodegradowalne &#8211; 25 sztuk"}]},{"@type":"WebSite","@id":"https:\/\/ekokubki.pl\/sklep\/#website","url":"https:\/\/ekokubki.pl\/sklep\/","name":"Bagdrip","description":"Naturalnie, bez plastiku","publisher":{"@id":"https:\/\/ekokubki.pl\/sklep\/#organization"},"potentialAction":[{"@type":"SearchAction","target":{"@type":"EntryPoint","urlTemplate":"https:\/\/ekokubki.pl\/sklep\/?s={search_term_string}"},"query-input":"required name=search_term_string"}],"inLanguage":"pl-PL"},{"@type":"Organization","@id":"https:\/\/ekokubki.pl\/sklep\/#organization","name":"Bagdrip","url":"https:\/\/ekokubki.pl\/sklep\/","logo":{"@type":"ImageObject","inLanguage":"pl-PL","@id":"https:\/\/ekokubki.pl\/sklep\/#\/schema\/logo\/image\/","url":"","contentUrl":"","caption":"Bagdrip"},"image":{"@id":"https:\/\/ekokubki.pl\/sklep\/#\/schema\/logo\/image\/"},"sameAs":["https:\/\/www.facebook.com\/bagdrip\/","https:\/\/www.instagram.com\/bagdrip\/"]}]}},"jetpack_sharing_enabled":true,"_links":{"self":[{"href":"https:\/\/ekokubki.pl\/sklep\/wp-json\/wp\/v2\/product\/8226"}],"collection":[{"href":"https:\/\/ekokubki.pl\/sklep\/wp-json\/wp\/v2\/product"}],"about":[{"href":"https:\/\/ekokubki.pl\/sklep\/wp-json\/wp\/v2\/types\/product"}],"wp:featuredmedia":[{"embeddable":true,"href":"https:\/\/ekokubki.pl\/sklep\/wp-json\/wp\/v2\/media\/8246"}],"wp:attachment":[{"href":"https:\/\/ekokubki.pl\/sklep\/wp-json\/wp\/v2\/media?parent=8226"}],"wp:term":[{"taxonomy":"product_cat","embeddable":true,"href":"https:\/\/ekokubki.pl\/sklep\/wp-json\/wp\/v2\/product_cat?post=8226"},{"taxonomy":"product_tag","embeddable":true,"href":"https:\/\/ekokubki.pl\/sklep\/wp-json\/wp\/v2\/product_tag?post=8226"}],"curies":[{"name":"wp","href":"https:\/\/api.w.org\/{rel}","templated":true}]}}