{"id":10141,"date":"2022-03-09T09:04:38","date_gmt":"2022-03-09T08:04:38","guid":{"rendered":"https:\/\/ekokubki.pl\/sklep\/?post_type=product&#038;p=10141"},"modified":"2025-06-25T16:01:18","modified_gmt":"2025-06-25T14:01:18","slug":"kubek-jednoscienny-200-ml-100-szt","status":"publish","type":"product","link":"https:\/\/ekokubki.pl\/sklep\/produkty\/kubek-jednoscienny-200-ml-100-szt\/","title":{"rendered":"Ekokubek Jedno\u015bcienny  200ml\/8 oz \u2013 100 sztuk."},"content":{"rendered":"","protected":false},"excerpt":{"rendered":"<p><em><strong>0,30 z\u0142 netto za sztuk\u0119<\/strong><\/em><\/p>\n<p>Kubek jednowarstwowy Bia\u0142y to uniwersalny produkt przeznaczony do podawania ciep\u0142ych jak i zimnych napoj\u00f3w. Pojemno\u015b\u0107 200 ml<\/p>\n<p>Produkt przyjazny dla \u015brodowiska.<\/p>\n<p>Ekokubek jedno\u015bcienny 200ml zapakowany jest w r\u0119kaw po 100 sztuk. W kartonie zbiorczym mie\u015bci si\u0119 20 r\u0119kaw\u00f3w po 100 sztuk = 2000 sztuk.<\/p>\n","protected":false},"featured_media":0,"template":"","meta":[],"product_cat":[33],"product_tag":[],"yoast_head":"<!-- This site is optimized with the Yoast SEO plugin v23.0 - https:\/\/yoast.com\/wordpress\/plugins\/seo\/ -->\n<title>Ekokubek Jedno\u015bcienny 200ml\/8 oz \u2013 100 sztuk. &#8212; Sklep Ekokubki.pl<\/title>\n<meta name=\"description\" content=\"Ekokubek Jedno\u015bcienny BIO- based 200ml to kubek papierowy wykonany w 100% z surowc\u00f3w odnawialnych pochodzenia ro\u015blinnego.\" \/>\n<meta name=\"robots\" content=\"index, follow, max-snippet:-1, max-image-preview:large, max-video-preview:-1\" \/>\n<link rel=\"canonical\" href=\"https:\/\/ekokubki.pl\/sklep\/produkty\/kubek-jednoscienny-200-ml-100-szt\/\" \/>\n<meta property=\"og:locale\" content=\"pl_PL\" \/>\n<meta property=\"og:type\" content=\"article\" \/>\n<meta property=\"og:title\" content=\"Ekokubek Jedno\u015bcienny 200ml\/8 oz \u2013 100 sztuk. &#8212; Sklep Ekokubki.pl\" \/>\n<meta property=\"og:description\" content=\"Ekokubek Jedno\u015bcienny BIO- based 200ml to kubek papierowy wykonany w 100% z surowc\u00f3w odnawialnych pochodzenia ro\u015blinnego.\" \/>\n<meta property=\"og:url\" content=\"https:\/\/ekokubki.pl\/sklep\/produkty\/kubek-jednoscienny-200-ml-100-szt\/\" \/>\n<meta property=\"og:site_name\" content=\"Sklep Ekokubki.pl\" \/>\n<meta property=\"article:publisher\" content=\"https:\/\/www.facebook.com\/bagdrip\/\" \/>\n<meta property=\"article:modified_time\" content=\"2025-06-25T14:01:18+00:00\" \/>\n<meta name=\"twitter:card\" content=\"summary_large_image\" \/>\n<script type=\"application\/ld+json\" class=\"yoast-schema-graph\">{\"@context\":\"https:\/\/schema.org\",\"@graph\":[{\"@type\":\"WebPage\",\"@id\":\"https:\/\/ekokubki.pl\/sklep\/produkty\/kubek-jednoscienny-200-ml-100-szt\/\",\"url\":\"https:\/\/ekokubki.pl\/sklep\/produkty\/kubek-jednoscienny-200-ml-100-szt\/\",\"name\":\"Ekokubek Jedno\u015bcienny 200ml\/8 oz \u2013 100 sztuk. &#8212; Sklep Ekokubki.pl\",\"isPartOf\":{\"@id\":\"https:\/\/ekokubki.pl\/sklep\/#website\"},\"datePublished\":\"2022-03-09T08:04:38+00:00\",\"dateModified\":\"2025-06-25T14:01:18+00:00\",\"description\":\"Ekokubek Jedno\u015bcienny BIO- based 200ml to kubek papierowy wykonany w 100% z surowc\u00f3w odnawialnych pochodzenia ro\u015blinnego.\",\"breadcrumb\":{\"@id\":\"https:\/\/ekokubki.pl\/sklep\/produkty\/kubek-jednoscienny-200-ml-100-szt\/#breadcrumb\"},\"inLanguage\":\"pl-PL\",\"potentialAction\":[{\"@type\":\"ReadAction\",\"target\":[\"https:\/\/ekokubki.pl\/sklep\/produkty\/kubek-jednoscienny-200-ml-100-szt\/\"]}]},{\"@type\":\"BreadcrumbList\",\"@id\":\"https:\/\/ekokubki.pl\/sklep\/produkty\/kubek-jednoscienny-200-ml-100-szt\/#breadcrumb\",\"itemListElement\":[{\"@type\":\"ListItem\",\"position\":1,\"name\":\"Strona g\u0142\u00f3wna\",\"item\":\"https:\/\/ekokubki.pl\/sklep\/\"},{\"@type\":\"ListItem\",\"position\":2,\"name\":\"Produkty\",\"item\":\"https:\/\/ekokubki.pl\/sklep\/\"},{\"@type\":\"ListItem\",\"position\":3,\"name\":\"Ekokubek Jedno\u015bcienny 200ml\/8 oz \u2013 100 sztuk.\"}]},{\"@type\":\"WebSite\",\"@id\":\"https:\/\/ekokubki.pl\/sklep\/#website\",\"url\":\"https:\/\/ekokubki.pl\/sklep\/\",\"name\":\"Bagdrip\",\"description\":\"Naturalnie, bez plastiku\",\"publisher\":{\"@id\":\"https:\/\/ekokubki.pl\/sklep\/#organization\"},\"potentialAction\":[{\"@type\":\"SearchAction\",\"target\":{\"@type\":\"EntryPoint\",\"urlTemplate\":\"https:\/\/ekokubki.pl\/sklep\/?s={search_term_string}\"},\"query-input\":\"required name=search_term_string\"}],\"inLanguage\":\"pl-PL\"},{\"@type\":\"Organization\",\"@id\":\"https:\/\/ekokubki.pl\/sklep\/#organization\",\"name\":\"Bagdrip\",\"url\":\"https:\/\/ekokubki.pl\/sklep\/\",\"logo\":{\"@type\":\"ImageObject\",\"inLanguage\":\"pl-PL\",\"@id\":\"https:\/\/ekokubki.pl\/sklep\/#\/schema\/logo\/image\/\",\"url\":\"\",\"contentUrl\":\"\",\"caption\":\"Bagdrip\"},\"image\":{\"@id\":\"https:\/\/ekokubki.pl\/sklep\/#\/schema\/logo\/image\/\"},\"sameAs\":[\"https:\/\/www.facebook.com\/bagdrip\/\",\"https:\/\/www.instagram.com\/bagdrip\/\"]}]}<\/script>\n<!-- \/ Yoast SEO plugin. -->","yoast_head_json":{"title":"Ekokubek Jedno\u015bcienny 200ml\/8 oz \u2013 100 sztuk. &#8212; Sklep Ekokubki.pl","description":"Ekokubek Jedno\u015bcienny BIO- based 200ml to kubek papierowy wykonany w 100% z surowc\u00f3w odnawialnych pochodzenia ro\u015blinnego.","robots":{"index":"index","follow":"follow","max-snippet":"max-snippet:-1","max-image-preview":"max-image-preview:large","max-video-preview":"max-video-preview:-1"},"canonical":"https:\/\/ekokubki.pl\/sklep\/produkty\/kubek-jednoscienny-200-ml-100-szt\/","og_locale":"pl_PL","og_type":"article","og_title":"Ekokubek Jedno\u015bcienny 200ml\/8 oz \u2013 100 sztuk. &#8212; Sklep Ekokubki.pl","og_description":"Ekokubek Jedno\u015bcienny BIO- based 200ml to kubek papierowy wykonany w 100% z surowc\u00f3w odnawialnych pochodzenia ro\u015blinnego.","og_url":"https:\/\/ekokubki.pl\/sklep\/produkty\/kubek-jednoscienny-200-ml-100-szt\/","og_site_name":"Sklep Ekokubki.pl","article_publisher":"https:\/\/www.facebook.com\/bagdrip\/","article_modified_time":"2025-06-25T14:01:18+00:00","twitter_card":"summary_large_image","schema":{"@context":"https:\/\/schema.org","@graph":[{"@type":"WebPage","@id":"https:\/\/ekokubki.pl\/sklep\/produkty\/kubek-jednoscienny-200-ml-100-szt\/","url":"https:\/\/ekokubki.pl\/sklep\/produkty\/kubek-jednoscienny-200-ml-100-szt\/","name":"Ekokubek Jedno\u015bcienny 200ml\/8 oz \u2013 100 sztuk. &#8212; Sklep Ekokubki.pl","isPartOf":{"@id":"https:\/\/ekokubki.pl\/sklep\/#website"},"datePublished":"2022-03-09T08:04:38+00:00","dateModified":"2025-06-25T14:01:18+00:00","description":"Ekokubek Jedno\u015bcienny BIO- based 200ml to kubek papierowy wykonany w 100% z surowc\u00f3w odnawialnych pochodzenia ro\u015blinnego.","breadcrumb":{"@id":"https:\/\/ekokubki.pl\/sklep\/produkty\/kubek-jednoscienny-200-ml-100-szt\/#breadcrumb"},"inLanguage":"pl-PL","potentialAction":[{"@type":"ReadAction","target":["https:\/\/ekokubki.pl\/sklep\/produkty\/kubek-jednoscienny-200-ml-100-szt\/"]}]},{"@type":"BreadcrumbList","@id":"https:\/\/ekokubki.pl\/sklep\/produkty\/kubek-jednoscienny-200-ml-100-szt\/#breadcrumb","itemListElement":[{"@type":"ListItem","position":1,"name":"Strona g\u0142\u00f3wna","item":"https:\/\/ekokubki.pl\/sklep\/"},{"@type":"ListItem","position":2,"name":"Produkty","item":"https:\/\/ekokubki.pl\/sklep\/"},{"@type":"ListItem","position":3,"name":"Ekokubek Jedno\u015bcienny 200ml\/8 oz \u2013 100 sztuk."}]},{"@type":"WebSite","@id":"https:\/\/ekokubki.pl\/sklep\/#website","url":"https:\/\/ekokubki.pl\/sklep\/","name":"Bagdrip","description":"Naturalnie, bez plastiku","publisher":{"@id":"https:\/\/ekokubki.pl\/sklep\/#organization"},"potentialAction":[{"@type":"SearchAction","target":{"@type":"EntryPoint","urlTemplate":"https:\/\/ekokubki.pl\/sklep\/?s={search_term_string}"},"query-input":"required name=search_term_string"}],"inLanguage":"pl-PL"},{"@type":"Organization","@id":"https:\/\/ekokubki.pl\/sklep\/#organization","name":"Bagdrip","url":"https:\/\/ekokubki.pl\/sklep\/","logo":{"@type":"ImageObject","inLanguage":"pl-PL","@id":"https:\/\/ekokubki.pl\/sklep\/#\/schema\/logo\/image\/","url":"","contentUrl":"","caption":"Bagdrip"},"image":{"@id":"https:\/\/ekokubki.pl\/sklep\/#\/schema\/logo\/image\/"},"sameAs":["https:\/\/www.facebook.com\/bagdrip\/","https:\/\/www.instagram.com\/bagdrip\/"]}]}},"jetpack_sharing_enabled":true,"_links":{"self":[{"href":"https:\/\/ekokubki.pl\/sklep\/wp-json\/wp\/v2\/product\/10141"}],"collection":[{"href":"https:\/\/ekokubki.pl\/sklep\/wp-json\/wp\/v2\/product"}],"about":[{"href":"https:\/\/ekokubki.pl\/sklep\/wp-json\/wp\/v2\/types\/product"}],"wp:attachment":[{"href":"https:\/\/ekokubki.pl\/sklep\/wp-json\/wp\/v2\/media?parent=10141"}],"wp:term":[{"taxonomy":"product_cat","embeddable":true,"href":"https:\/\/ekokubki.pl\/sklep\/wp-json\/wp\/v2\/product_cat?post=10141"},{"taxonomy":"product_tag","embeddable":true,"href":"https:\/\/ekokubki.pl\/sklep\/wp-json\/wp\/v2\/product_tag?post=10141"}],"curies":[{"name":"wp","href":"https:\/\/api.w.org\/{rel}","templated":true}]}}